{"id":60,"date":"2018-05-16T18:17:54","date_gmt":"2018-05-16T16:17:54","guid":{"rendered":"http:\/\/petit-train.horst-klug.com\/?page_id=60"},"modified":"2018-05-28T15:00:07","modified_gmt":"2018-05-28T13:00:07","slug":"mentions-legales","status":"publish","type":"page","link":"http:\/\/petit-train.horst-klug.com\/?page_id=60","title":{"rendered":"Mentions L\u00e9gales"},"content":{"rendered":"<h2><strong>\u00a9 Horst Klug \u2013 Tous droits r\u00e9serv\u00e9s<\/strong><\/h2>\n<p>29890 Ploun\u00e9our-Brignogan-Plages<br \/>\nRoute du Phare<br \/>\nFRANCE<br \/>\n<strong>Contact\u00a0:<\/strong> <a href=\"mailto:contact@petit-train.horst-klug.com\">contact@petit-train.horst-klug.com<\/a><\/p>\n<p><span style=\"font-family: verdana, geneva, sans-serif; font-size: 14pt; border: 1px solid #001563; background-color: #0638ad; border-radius: 4px; box-shadow: #5a98fc 1px 6px 12px inset, #001563 -1px -10px 5px inset, black 1px 2px 1px; color: white; text-shadow: black 1px 1px 1px; padding: 5px 30px;\">(<span style=\"color: #ffffff;\"><a style=\"color: #ffffff;\" href=\"http:\/\/petit-train.horst-klug.com\/?page_id=171\" target=\"_blank\" rel=\"noopener\">version allemande<\/a><\/span>)<\/span><\/p>\n<p><strong><u>Le responsable du contenu<\/u><\/strong><br \/>\nHorst Klug<\/p>\n<h2><u>H\u00c9BERGEUR<\/u><\/h2>\n<p>STRATO AG \u00a0\u2013 France<br \/>\nResponsable :<br \/>\nSTRATO AG<br \/>\nPascalstra\u00dfe 10<br \/>\n10587 Berlin<br \/>\nAllemagne<br \/>\nVous pouvez contacter via le formulaire de contact sous le lien suivant :<br \/>\n<a href=\"https:\/\/www.strato.fr\/faq\/help\/index.html\">https:\/\/www.strato.fr\/faq\/help\/index.html<\/a><br \/>\n<strong><u>D\u00e9l\u00e9gu\u00e9 \u00e0 la protection des donn\u00e9es :<\/u><\/strong><br \/>\nSTRATO AG<br \/>\nPascalstra\u00dfe 10<br \/>\n10587 Berlin<br \/>\nAllemagne<br \/>\n<em>(<a href=\"https:\/\/www.strato.fr\/protection-de-donnees\/\" target=\"_blank\" rel=\"noopener\">Lien \u00e0 la Politique de Confidentialit\u00e9 de STRATO<\/a>)<\/em><\/p>\n<p>&nbsp;<\/p>\n<h2><strong><u>RESPONSABILIT\u00c9S<\/u><\/strong><\/h2>\n<p>L\u2019auteur d\u00e9cline toute responsabilit\u00e9 quant au contenu des sites propos\u00e9s en liens.<br \/>\nNi l\u2019auteur, ni un tiers impliqu\u00e9 dans la cr\u00e9ation de ce site, ne peut \u00eatre tenu pour responsable d\u2019\u00e9ventuels dommages, directs ou indirects, survenant \u00e0 l\u2019occasion de l\u2019acc\u00e8s ou des difficult\u00e9s d\u2019acc\u00e8s \u00e0 ce site, ou de l\u2019utilisation qu\u2019il pourrait en \u00eatre fait, y compris les virus susceptibles de contaminer la configuration du mat\u00e9riel informatique de l\u2019utilisateur.<br \/>\nLes informations sur ce site sont fournies \u00ab telles quelles \u00bb sans aucune garantie, explicite ou implicite, relative \u00e0 l\u2019utilisation de la pr\u00e9sente publication.<br \/>\nLes informations sur ce site peuvent inclure des inexactitudes ou des erreurs. L\u2019auteur se r\u00e9serve le droit d\u2019apporter des modifications, des am\u00e9liorations et des changements sur les produits et les programmes d\u00e9crits sur son site \u00e0 tout moment et sans le notifier.<\/p>\n<h2><strong><u>Votre attention<\/u><\/strong><\/h2>\n<p>Nous vous rappelons qu\u2019il n\u2019est pas possible de garantir la confidentialit\u00e9 des messages transmis sur le r\u00e9seau Internet. Aussi, si vous souhaitez transmettre un message dans de meilleures conditions de s\u00e9curit\u00e9, nous vous recommandons d\u2019utiliser la voie postale.<\/p>\n","protected":false},"excerpt":{"rendered":"<p>\u00a9 Horst Klug \u2013 Tous droits r\u00e9serv\u00e9s 29890 Ploun\u00e9our-Brignogan-Plages Route du Phare FRANCE Contact\u00a0: contact@petit-train.horst-klug.com (version allemande) Le responsable du&hellip;<\/p>\n","protected":false},"author":1,"featured_media":0,"parent":0,"menu_order":0,"comment_status":"closed","ping_status":"closed","template":"full-width.php","meta":{"ngg_post_thumbnail":0,"footnotes":""},"class_list":["post-60","page","type-page","status-publish","hentry"],"_links":{"self":[{"href":"http:\/\/petit-train.horst-klug.com\/index.php?rest_route=\/wp\/v2\/pages\/60","targetHints":{"allow":["GET"]}}],"collection":[{"href":"http:\/\/petit-train.horst-klug.com\/index.php?rest_route=\/wp\/v2\/pages"}],"about":[{"href":"http:\/\/petit-train.horst-klug.com\/index.php?rest_route=\/wp\/v2\/types\/page"}],"author":[{"embeddable":true,"href":"http:\/\/petit-train.horst-klug.com\/index.php?rest_route=\/wp\/v2\/users\/1"}],"replies":[{"embeddable":true,"href":"http:\/\/petit-train.horst-klug.com\/index.php?rest_route=%2Fwp%2Fv2%2Fcomments&post=60"}],"version-history":[{"count":16,"href":"http:\/\/petit-train.horst-klug.com\/index.php?rest_route=\/wp\/v2\/pages\/60\/revisions"}],"predecessor-version":[{"id":209,"href":"http:\/\/petit-train.horst-klug.com\/index.php?rest_route=\/wp\/v2\/pages\/60\/revisions\/209"}],"wp:attachment":[{"href":"http:\/\/petit-train.horst-klug.com\/index.php?rest_route=%2Fwp%2Fv2%2Fmedia&parent=60"}],"curies":[{"name":"wp","href":"https:\/\/api.w.org\/{rel}","templated":true}]}}